{"id":98,"date":"2019-07-07T12:20:54","date_gmt":"2019-07-07T12:20:54","guid":{"rendered":"http:\/\/test-wp.hp-susanne-gerking.de\/?page_id=98"},"modified":"2019-11-10T21:52:47","modified_gmt":"2019-11-10T21:52:47","slug":"behandlungen","status":"publish","type":"page","link":"https:\/\/hp-susanne-gerking.de\/?page_id=98","title":{"rendered":"Behandlungen"},"content":{"rendered":"\n<div style=\"background-color:#f3f3f3; padding-top:25px; padding-bottom:1px; margin-bottom:30px;\"><ul style=\"list-style: none;\">\n<li><a href=\"#ohr-akupunktur\">Ohr-Akupunktur<\/a><\/li>\n<li><a href=\"#moxa\">Moxa\/Moxibustion<\/a><\/li><li><a href=\"#schroepfen\">Schr\u00f6pfen<\/a><\/li><li><a href=\"#ppt\">Pneumatische Pulsationstherapie (PPT)<\/a><\/li>\n<li><a href=\"#baunscheidtieren\">Baunscheidtieren<\/a><\/li><li><a href=\"#blutegelbehandlung\">Blutegelbehandlung<\/a><\/li>\n<li><a href=\"#ohrkerzen\">Ohrkerzen<\/a><\/li><li><a href=\"#microkinesietherapie\">Microkinesietherapie<\/a><\/li>\n<\/ul><\/div>\n\n\n\n<div style=\"height:31px\" aria-hidden=\"true\" class=\"wp-block-spacer\"><\/div>\n\n\n\n<h4 id=\"ohr-akupunktur\">Ohr-Akupunktur<\/h4>\n\n\n\n<div class=\"wp-block-columns has-2-columns\">\n<div class=\"wp-block-column\">\n<figure class=\"wp-block-image is-resized\"><img loading=\"lazy\" src=\"https:\/\/hp-susanne-gerking.de\/wp-content\/uploads\/2019\/11\/Ohr_bearb-1024x687.jpg\" alt=\"\" class=\"wp-image-274\" width=\"381\" height=\"255\" srcset=\"https:\/\/hp-susanne-gerking.de\/wp-content\/uploads\/2019\/11\/Ohr_bearb-1024x687.jpg 1024w, https:\/\/hp-susanne-gerking.de\/wp-content\/uploads\/2019\/11\/Ohr_bearb-300x201.jpg 300w, https:\/\/hp-susanne-gerking.de\/wp-content\/uploads\/2019\/11\/Ohr_bearb-768x516.jpg 768w\" sizes=\"(max-width: 381px) 100vw, 381px\" \/><\/figure>\n<\/div>\n\n\n\n<div class=\"wp-block-column\">\n<p>Bei der Ohr-Akupunktur werden drucksensible Punkte der Ohrmuschel sowohl zur Diagnose als auch zur Behandlung gereizt. Verschiedene Punkte an der Ohrmuschel sind den einzelnen K\u00f6rperpartien zugeordnet, sodass der ganze K\u00f6rper \u00fcber die Ohrmuschel behandelt werden kann.<br>Pro Sitzung werden ca. sechs Nadeln gestochen, die etwa 20 Minuten am Ohr belassen werden. Bei Kindern kann alternativ mit einem Laser oder einem Druckst\u00e4bchen gearbeitet werden.<\/p>\n\n\n\n<p><strong>Die Ohrakupunktur hilft u. a. bei: <\/strong><br><strong>Schmerzen, Allergien, Asthma, rheumatischen Erkrankungen, Verspannungen, Durchblutungsst\u00f6rungen, vegetative Dysregulationen.<\/strong><\/p>\n<\/div>\n<\/div>\n\n\n\n<div style=\"height:31px\" aria-hidden=\"true\" class=\"wp-block-spacer\"><\/div>\n\n\n\n<h4 id=\"moxa\">Moxa\/Moxibustion<\/h4>\n\n\n\n<div class=\"wp-block-columns has-2-columns\">\n<div class=\"wp-block-column\">\n<p>Die Moxibustion ist eine spezielle Form der Akupunktur. Es wird z. B. eine Moxazigarre entz\u00fcndet und einem Akupunkturpunkt gen\u00e4hert, bis der Patient ein deutliches Hitzegef\u00fchl sp\u00fcrt.<\/p>\n\n\n\n<p><strong>Die Moxibustion gilt als wirksame Reiztherapie u. a. bei Ersch\u00f6pfungszust\u00e4nden und bei Depressionen.<\/strong><\/p>\n<\/div>\n\n\n\n<div class=\"wp-block-column\">\n<div class=\"wp-block-image\"><figure class=\"alignright\"><img loading=\"lazy\" width=\"374\" height=\"200\" src=\"https:\/\/hp-susanne-gerking.de\/wp-content\/uploads\/2019\/07\/moxa.jpg\" alt=\"\" class=\"wp-image-104\" srcset=\"https:\/\/hp-susanne-gerking.de\/wp-content\/uploads\/2019\/07\/moxa.jpg 374w, https:\/\/hp-susanne-gerking.de\/wp-content\/uploads\/2019\/07\/moxa-300x160.jpg 300w\" sizes=\"(max-width: 374px) 100vw, 374px\" \/><\/figure><\/div>\n<\/div>\n<\/div>\n\n\n\n<div style=\"height:31px\" aria-hidden=\"true\" class=\"wp-block-spacer\"><\/div>\n\n\n\n<h4 id=\"schroepfen\">Schr\u00f6pfen<\/h4>\n\n\n\n<div class=\"wp-block-columns has-2-columns\">\n<div class=\"wp-block-column\">\n<div class=\"wp-block-image\"><figure class=\"alignleft is-resized\"><img loading=\"lazy\" src=\"https:\/\/hp-susanne-gerking.de\/wp-content\/uploads\/2019\/11\/Kugeldinger_1_frei_bearb-1024x613.jpg\" alt=\"\" class=\"wp-image-271\" width=\"467\" height=\"279\" srcset=\"https:\/\/hp-susanne-gerking.de\/wp-content\/uploads\/2019\/11\/Kugeldinger_1_frei_bearb-1024x613.jpg 1024w, https:\/\/hp-susanne-gerking.de\/wp-content\/uploads\/2019\/11\/Kugeldinger_1_frei_bearb-300x180.jpg 300w, https:\/\/hp-susanne-gerking.de\/wp-content\/uploads\/2019\/11\/Kugeldinger_1_frei_bearb-768x460.jpg 768w\" sizes=\"(max-width: 467px) 100vw, 467px\" \/><\/figure><\/div>\n<\/div>\n\n\n\n<div class=\"wp-block-column\">\n<p>Schr\u00f6pfen ist eine Reflextherapie, die schmerzlindernd und durchblutungsf\u00f6rdernd wirkt sowie Verh\u00e4rtungen im Haut- und Unterhautgewebe l\u00f6st. Die so genannten Schr\u00f6pfk\u00f6pfe, kleine Gl\u00e4ser, werden mit Hilfe eines Vakuums auf Reflexzonen gesetzt. Durch den Sog weiten sich die Blutgef\u00e4\u00dfe, so dass der Blutfluss verst\u00e4rkt wird.<\/p>\n\n\n\n<p><strong>Einige Anwendungsgebiete: <\/strong><br><strong>R\u00fccken- und Nackenschmerzen, Magen-Darm-Beschwerden, Atemwegserkrankungen, chronische Schw\u00e4chezust\u00e4nde.<\/strong><\/p>\n<\/div>\n<\/div>\n\n\n\n<div style=\"height:31px\" aria-hidden=\"true\" class=\"wp-block-spacer\"><\/div>\n\n\n\n<h4 id=\"ppt\">Pneumatische Pulsationstherapie (PPT) nach Deny<\/h4>\n\n\n\n<div class=\"wp-block-columns has-2-columns\">\n<div class=\"wp-block-column\">\n<p>PPT basiert auf dem Prinzip der gleitenden Saugmassage und ist eine\nWeiterentwicklung des traditionellen Schr\u00f6pfens.\nDie in einem Saugglas erzeugten rhythmisch pulsierenden\nUnterdruckwellen l\u00f6sen im K\u00f6rpergewebe Schwingungen aus, die auch\ntiefer gelegene Schichten wirksam und zugleich reizarm stimulieren.<\/p>\n\n\n\n<p><strong>Anwendung z. B. bei Verspannungen der Muskeln, R\u00fcckenschmerzen, Sportverletzungen, Fersensporn oder auch Arthrose. Ebenso zur F\u00f6rderung der Durchblutung, zur Anregung des Lymphflusses, bei Bronchitis, bei Tinnitus sowie bei Migr\u00e4ne. Kosmetisch wird die PPT auch zur Narben- und Cellulitebehandlung eingesetzt.<\/strong><\/p>\n<\/div>\n\n\n\n<div class=\"wp-block-column\">\n<div class=\"wp-block-image\"><figure class=\"alignright is-resized\"><img loading=\"lazy\" src=\"https:\/\/hp-susanne-gerking.de\/wp-content\/uploads\/2019\/11\/Schr\u00f6pfen_3_frei_bearb-1024x662.jpg\" alt=\"\" class=\"wp-image-276\" width=\"438\" height=\"282\" srcset=\"https:\/\/hp-susanne-gerking.de\/wp-content\/uploads\/2019\/11\/Schr\u00f6pfen_3_frei_bearb-1024x662.jpg 1024w, https:\/\/hp-susanne-gerking.de\/wp-content\/uploads\/2019\/11\/Schr\u00f6pfen_3_frei_bearb-300x194.jpg 300w, https:\/\/hp-susanne-gerking.de\/wp-content\/uploads\/2019\/11\/Schr\u00f6pfen_3_frei_bearb-768x496.jpg 768w, https:\/\/hp-susanne-gerking.de\/wp-content\/uploads\/2019\/11\/Schr\u00f6pfen_3_frei_bearb.jpg 1993w\" sizes=\"(max-width: 438px) 100vw, 438px\" \/><\/figure><\/div>\n<\/div>\n<\/div>\n\n\n\n<div style=\"height:31px\" aria-hidden=\"true\" class=\"wp-block-spacer\"><\/div>\n\n\n\n<h4 id=\"baunscheidtieren\">Baunscheidtieren<\/h4>\n\n\n\n<div class=\"wp-block-columns has-2-columns\">\n<div class=\"wp-block-column\">\n<div class=\"wp-block-image\"><figure class=\"alignleft is-resized\"><img loading=\"lazy\" src=\"https:\/\/hp-susanne-gerking.de\/wp-content\/uploads\/2019\/11\/Tablett_2_frei_bearb_heller_scharf-723x1024.jpg\" alt=\"\" class=\"wp-image-282\" width=\"243\" height=\"345\" srcset=\"https:\/\/hp-susanne-gerking.de\/wp-content\/uploads\/2019\/11\/Tablett_2_frei_bearb_heller_scharf-723x1024.jpg 723w, https:\/\/hp-susanne-gerking.de\/wp-content\/uploads\/2019\/11\/Tablett_2_frei_bearb_heller_scharf-212x300.jpg 212w, https:\/\/hp-susanne-gerking.de\/wp-content\/uploads\/2019\/11\/Tablett_2_frei_bearb_heller_scharf-768x1088.jpg 768w, https:\/\/hp-susanne-gerking.de\/wp-content\/uploads\/2019\/11\/Tablett_2_frei_bearb_heller_scharf.jpg 1841w\" sizes=\"(max-width: 243px) 100vw, 243px\" \/><\/figure><\/div>\n<\/div>\n\n\n\n<div class=\"wp-block-column\">\n<p>Bei der Behandlung wird mit einem Apparat, der mit feinen Nadeln versehen ist, die Haut \u201cangeritzt\u201c. Danach wird die Haut mit hautreizendem \u00d6l bestrichen. Der so erzeugte k\u00fcnstliche Hautausschlag bewirkt, dass sch\u00e4dliche Stoffe aus dem K\u00f6rper abgeleitet werden. Das Baunscheidtieren regt die Stoffwechselt\u00e4tigkeit und Organfunktionen an, aktiviert das Immunsystem und stimuliert das Hormonsystem.<\/p>\n\n\n\n<p><strong>Einige Anwendungsgebiete: Schmerzzust\u00e4nde bei Gicht und\nrheumatischen Erkrankungen, muskul\u00e4re Verspannungen,\nallgemeine Infektanf\u00e4lligkeit.<\/strong><\/p>\n<\/div>\n<\/div>\n\n\n\n<div style=\"height:31px\" aria-hidden=\"true\" class=\"wp-block-spacer\"><\/div>\n\n\n\n<h4 id=\"blutegelbehandlung\">Blutegelbehandlung<\/h4>\n\n\n\n<div class=\"wp-block-columns has-2-columns\">\n<div class=\"wp-block-column\">\n<p>Die ca. 2 &#8211; 4 cm gro\u00dfen Tiere leben im S\u00fc\u00dfwasser und werden auf Blutegelfarmen gez\u00fcchtet. Je nach Ort und Art der Beschwerden werden 2 &#8211; 8 Blutegel \u201cgesetzt\u201d. Diese nehmen ca. 10 ml Blut innerhalb von 10 Minuten auf.  Nach etwa zwei Stunden fallen sie von alleine ab. Sie haben drei Kiefer, sodass eine kleine dreistrahlige Bisswunde entsteht. Durch das Einbringen der Blutegelwirkstoffe kommt es zu einer gew\u00fcnschten Nachblutung, die mehrere Stunden andauern kann. Deshalb darf diese Therapie u. a. nicht bei Einnahme von  blutverd\u00fcnnenden Medikamenten (z. B. Marcumar) durchgef\u00fchrt werden. Der Egel gibt verschiedene Stoffe ins Blut ab, die gerinnungs- und entz\u00fcndungshemmend, antithrombotisch, schmerzlindernd, lymphstrombeschleunigend und entstauend wirken. Somit werden Toxine und Stoffwechselschlacken ausgleitet. <\/p>\n\n\n\n<p><strong>H\u00e4ufige Anwendungsgebiete sind u. a. Kniegelenksarthrose,\nchronische Schmerzen der Lendenwirbels\u00e4ule und des\nKreuzbeinbereichs, Venenleiden, Tinnitus und Migr\u00e4ne.<\/strong><\/p>\n<\/div>\n\n\n\n<div class=\"wp-block-column\">\n<div class=\"wp-block-image\"><figure class=\"alignright is-resized\"><img loading=\"lazy\" src=\"https:\/\/hp-susanne-gerking.de\/wp-content\/uploads\/2019\/07\/blutegel2.jpg\" alt=\"\" class=\"wp-image-30\" width=\"408\" height=\"218\" srcset=\"https:\/\/hp-susanne-gerking.de\/wp-content\/uploads\/2019\/07\/blutegel2.jpg 374w, https:\/\/hp-susanne-gerking.de\/wp-content\/uploads\/2019\/07\/blutegel2-300x160.jpg 300w\" sizes=\"(max-width: 408px) 100vw, 408px\" \/><\/figure><\/div>\n<\/div>\n<\/div>\n\n\n\n<div style=\"height:31px\" aria-hidden=\"true\" class=\"wp-block-spacer\"><\/div>\n\n\n\n<h4 id=\"ohrkerzen\">Ohrkerzen<\/h4>\n\n\n\n<div class=\"wp-block-columns has-2-columns\">\n<div class=\"wp-block-column\">\n<div class=\"wp-block-image\"><figure class=\"alignleft is-resized\"><img loading=\"lazy\" src=\"https:\/\/hp-susanne-gerking.de\/wp-content\/uploads\/2019\/10\/ohrkerze.jpg\" alt=\"\" class=\"wp-image-147\" width=\"416\" height=\"222\" srcset=\"https:\/\/hp-susanne-gerking.de\/wp-content\/uploads\/2019\/10\/ohrkerze.jpg 374w, https:\/\/hp-susanne-gerking.de\/wp-content\/uploads\/2019\/10\/ohrkerze-300x160.jpg 300w\" sizes=\"(max-width: 416px) 100vw, 416px\" \/><\/figure><\/div>\n\n\n\n<p><\/p>\n<\/div>\n\n\n\n<div class=\"wp-block-column\">\n<p>Die Ohrkerze, eine spezielle Hohlrolle aus Wachspapier \u2013 manchmal auch mit Heilkr\u00e4utern bedampft, wird leicht in das Ohr des liegenden Patienten gesteckt und am oberen Ende angez\u00fcndet. Durch den Hohlraum der Ohrkerze entsteht ein Sog, der die W\u00e4rme und die Heild\u00fcfte der Kr\u00e4uter nach innen zieht. Der Patient nimmt ein angenehmes Knistern und Rauschen wahr. Die Ohrkerze wird w\u00e4hrend der gesamten Behandlung, ca. 10 \u2013 12 Minuten, vom Therapeuten gehalten. Danach wird die Ohrkerze vorsichtig aus dem Ohr genommen und in Wasser gel\u00f6scht. Um die Behandlung positiv zu unterst\u00fctzen, sollte der Patient noch ca. 15 bis 30 Minuten nachruhen.<\/p>\n\n\n\n<p><strong>Anwendungsgebiete sind: Chronische Erkrankungen, Ohrger\u00e4usche, Meni\u00e8re und einfach zum Entspannen und Erholen.<\/strong><\/p>\n<\/div>\n<\/div>\n\n\n\n<div style=\"height:31px\" aria-hidden=\"true\" class=\"wp-block-spacer\"><\/div>\n\n\n\n<h4 id=\"microkinesietherapie\">Microkinesietherapie<\/h4>\n\n\n\n<div class=\"wp-block-columns has-2-columns\">\n<div class=\"wp-block-column\">\n<p>Diese recht \u201ejunge\u201c Therapie wird von Daniel Grosjean und Patrice Benini seit 1980 entwickelt. Die theoretische Grundlage bildet die Embryologie, die Wissenschaft um Entwicklung und Entstehung des K\u00f6rpers. St\u00f6rfelder bzw. \u201eNarben\u201c, die durch viele verschiedene Ursachen ausgel\u00f6st wurden und auch schon lange zur\u00fcckliegen k\u00f6nnen, werden durch manuelle Techniken aufgesp\u00fcrt. \u00dcber kleinste Bewegungen und Impulse sollen diese Stellen aus ihrer Starre gel\u00f6st und zur Ausheilung angeregt werden. <br>Mehr Informationen unter: <a href=\"http:\/\/www.microkinesi.de\/\">www.microkinesi.de<\/a><\/p>\n<\/div>\n\n\n\n<div class=\"wp-block-column\">\n<div class=\"wp-block-image\"><figure class=\"alignright\"><img loading=\"lazy\" width=\"374\" height=\"200\" src=\"https:\/\/hp-susanne-gerking.de\/wp-content\/uploads\/2019\/10\/micro.jpg\" alt=\"\" class=\"wp-image-148\" srcset=\"https:\/\/hp-susanne-gerking.de\/wp-content\/uploads\/2019\/10\/micro.jpg 374w, https:\/\/hp-susanne-gerking.de\/wp-content\/uploads\/2019\/10\/micro-300x160.jpg 300w\" sizes=\"(max-width: 374px) 100vw, 374px\" \/><\/figure><\/div>\n<\/div>\n<\/div>\n","protected":false},"excerpt":{"rendered":"<p>Ohr-Akupunktur Moxa\/Moxibustion Schr\u00f6pfen Pneumatische Pulsationstherapie (PPT) Baunscheidtieren Blutegelbehandlung Ohrkerzen Microkinesietherapie Ohr-Akupunktur Bei der Ohr-Akupunktur werden drucksensible Punkte der Ohrmuschel sowohl zur Diagnose als auch zur Behandlung gereizt. Verschiedene Punkte an der Ohrmuschel sind den einzelnen K\u00f6rperpartien zugeordnet, sodass der ganze K\u00f6rper \u00fcber die Ohrmuschel behandelt werden kann.Pro Sitzung werden ca. sechs Nadeln gestochen, die etwa &hellip;<\/p>\n<p class=\"read-more\"> <a class=\"\" href=\"https:\/\/hp-susanne-gerking.de\/?page_id=98\"> <span class=\"screen-reader-text\">Behandlungen<\/span> Weiterlesen &raquo;<\/a><\/p>\n","protected":false},"author":1,"featured_media":0,"parent":0,"menu_order":0,"comment_status":"closed","ping_status":"closed","template":"","meta":{"site-sidebar-layout":"default","site-content-layout":"default","ast-main-header-display":"","ast-hfb-above-header-display":"","ast-hfb-below-header-display":"","ast-hfb-mobile-header-display":"","site-post-title":"","ast-breadcrumbs-content":"","ast-featured-img":"","footer-sml-layout":"","theme-transparent-header-meta":"default","adv-header-id-meta":"","stick-header-meta":"","header-above-stick-meta":"","header-main-stick-meta":"","header-below-stick-meta":""},"_links":{"self":[{"href":"https:\/\/hp-susanne-gerking.de\/index.php?rest_route=\/wp\/v2\/pages\/98"}],"collection":[{"href":"https:\/\/hp-susanne-gerking.de\/index.php?rest_route=\/wp\/v2\/pages"}],"about":[{"href":"https:\/\/hp-susanne-gerking.de\/index.php?rest_route=\/wp\/v2\/types\/page"}],"author":[{"embeddable":true,"href":"https:\/\/hp-susanne-gerking.de\/index.php?rest_route=\/wp\/v2\/users\/1"}],"replies":[{"embeddable":true,"href":"https:\/\/hp-susanne-gerking.de\/index.php?rest_route=%2Fwp%2Fv2%2Fcomments&post=98"}],"version-history":[{"count":67,"href":"https:\/\/hp-susanne-gerking.de\/index.php?rest_route=\/wp\/v2\/pages\/98\/revisions"}],"predecessor-version":[{"id":371,"href":"https:\/\/hp-susanne-gerking.de\/index.php?rest_route=\/wp\/v2\/pages\/98\/revisions\/371"}],"wp:attachment":[{"href":"https:\/\/hp-susanne-gerking.de\/index.php?rest_route=%2Fwp%2Fv2%2Fmedia&parent=98"}],"curies":[{"name":"wp","href":"https:\/\/api.w.org\/{rel}","templated":true}]}}