{"id":66,"date":"2019-07-07T11:44:27","date_gmt":"2019-07-07T11:44:27","guid":{"rendered":"http:\/\/test-wp.hp-susanne-gerking.de\/?page_id=66"},"modified":"2019-11-25T12:58:07","modified_gmt":"2019-11-25T12:58:07","slug":"die-praxis","status":"publish","type":"page","link":"https:\/\/hp-susanne-gerking.de\/?page_id=66","title":{"rendered":"Die Praxis"},"content":{"rendered":"\n<div class=\"alignnormal\"><div id=\"metaslider-id-230\" style=\"width: 100%;\" class=\"ml-slider-3-80-0 metaslider metaslider-flex metaslider-230 ml-slider ms-theme-default\" role=\"region\" aria-roledescription=\"Slideshow\" aria-label=\"Praxis\">\n    <div id=\"metaslider_container_230\">\n        <div id=\"metaslider_230\">\n            <ul class='slides'>\n                <li style=\"display: block; width: 100%;\" class=\"slide-231 ms-image \" aria-roledescription=\"slide\" aria-label=\"slide-231\"><img width=\"2529\" height=\"1808\" src=\"https:\/\/hp-susanne-gerking.de\/wp-content\/uploads\/2019\/11\/Empfang_frei_farbe_bearb.jpg\" class=\"slider-230 slide-231\" alt=\"\" loading=\"lazy\" rel=\"\" title=\"  \" style=\"margin: 0 auto; width: 99.913084702908%\" srcset=\"https:\/\/hp-susanne-gerking.de\/wp-content\/uploads\/2019\/11\/Empfang_frei_farbe_bearb.jpg 2529w, https:\/\/hp-susanne-gerking.de\/wp-content\/uploads\/2019\/11\/Empfang_frei_farbe_bearb-300x214.jpg 300w, https:\/\/hp-susanne-gerking.de\/wp-content\/uploads\/2019\/11\/Empfang_frei_farbe_bearb-768x549.jpg 768w, https:\/\/hp-susanne-gerking.de\/wp-content\/uploads\/2019\/11\/Empfang_frei_farbe_bearb-1024x732.jpg 1024w\" sizes=\"(max-width: 2529px) 100vw, 2529px\" \/><\/li>\n                <li style=\"display: none; width: 100%;\" class=\"slide-232 ms-image \" aria-roledescription=\"slide\" aria-label=\"slide-232\"><img width=\"1943\" height=\"2429\" src=\"https:\/\/hp-susanne-gerking.de\/wp-content\/uploads\/2019\/11\/Wartezimmer_frei_frei_bearb.jpg\" class=\"slider-230 slide-232\" alt=\"\" loading=\"lazy\" rel=\"\" title=\" \" style=\"margin: 0 auto; width: 57.136975827795%\" srcset=\"https:\/\/hp-susanne-gerking.de\/wp-content\/uploads\/2019\/11\/Wartezimmer_frei_frei_bearb.jpg 1943w, https:\/\/hp-susanne-gerking.de\/wp-content\/uploads\/2019\/11\/Wartezimmer_frei_frei_bearb-240x300.jpg 240w, https:\/\/hp-susanne-gerking.de\/wp-content\/uploads\/2019\/11\/Wartezimmer_frei_frei_bearb-768x960.jpg 768w, https:\/\/hp-susanne-gerking.de\/wp-content\/uploads\/2019\/11\/Wartezimmer_frei_frei_bearb-819x1024.jpg 819w\" sizes=\"(max-width: 1943px) 100vw, 1943px\" \/><\/li>\n                <li style=\"display: none; width: 100%;\" class=\"slide-309 ms-image \" aria-roledescription=\"slide\" aria-label=\"slide-309\"><img width=\"1885\" height=\"1346\" src=\"https:\/\/hp-susanne-gerking.de\/wp-content\/uploads\/2019\/11\/Behandlung_1_bearb_1885x1346.jpg\" class=\"slider-230 slide-309\" alt=\"\" loading=\"lazy\" rel=\"\" title=\" \" style=\"margin-top: 0.011367942402424%\" srcset=\"https:\/\/hp-susanne-gerking.de\/wp-content\/uploads\/2019\/11\/Behandlung_1_bearb_1885x1346.jpg 1885w, https:\/\/hp-susanne-gerking.de\/wp-content\/uploads\/2019\/11\/Behandlung_1_bearb_1885x1346-300x214.jpg 300w, https:\/\/hp-susanne-gerking.de\/wp-content\/uploads\/2019\/11\/Behandlung_1_bearb_1885x1346-768x548.jpg 768w, https:\/\/hp-susanne-gerking.de\/wp-content\/uploads\/2019\/11\/Behandlung_1_bearb_1885x1346-1024x731.jpg 1024w\" sizes=\"(max-width: 1885px) 100vw, 1885px\" \/><\/li>\n                <li style=\"display: none; width: 100%;\" class=\"slide-234 ms-image \" aria-roledescription=\"slide\" aria-label=\"slide-234\"><img width=\"1941\" height=\"2353\" src=\"https:\/\/hp-susanne-gerking.de\/wp-content\/uploads\/2019\/11\/Buddha_bearb.jpg\" class=\"slider-230 slide-234\" alt=\"\" loading=\"lazy\" rel=\"\" title=\" \" style=\"margin: 0 auto; width: 58.921741242183%\" srcset=\"https:\/\/hp-susanne-gerking.de\/wp-content\/uploads\/2019\/11\/Buddha_bearb.jpg 1941w, https:\/\/hp-susanne-gerking.de\/wp-content\/uploads\/2019\/11\/Buddha_bearb-247x300.jpg 247w, https:\/\/hp-susanne-gerking.de\/wp-content\/uploads\/2019\/11\/Buddha_bearb-768x931.jpg 768w, https:\/\/hp-susanne-gerking.de\/wp-content\/uploads\/2019\/11\/Buddha_bearb-845x1024.jpg 845w\" sizes=\"(max-width: 1941px) 100vw, 1941px\" \/><\/li>\n            <\/ul>\n        <\/div>\n        \n    <\/div>\n<\/div><\/div>\n\n\n\n<p><strong>Mein Logo \u2013 der L\u00f6wenzahn <\/strong><\/p>\n\n\n\n<p>ein Vorbild aus der Natur:<\/p>\n\n\n\n<div class=\"wp-block-media-text alignwide has-media-on-the-right\" style=\"grid-template-columns:auto 18%\"><figure class=\"wp-block-media-text__media\"><img loading=\"lazy\" width=\"173\" height=\"316\" src=\"https:\/\/hp-susanne-gerking.de\/wp-content\/uploads\/2019\/07\/pusteblume.png\" alt=\"\" class=\"wp-image-14\" srcset=\"https:\/\/hp-susanne-gerking.de\/wp-content\/uploads\/2019\/07\/pusteblume.png 173w, https:\/\/hp-susanne-gerking.de\/wp-content\/uploads\/2019\/07\/pusteblume-164x300.png 164w\" sizes=\"(max-width: 173px) 100vw, 173px\" \/><\/figure><div class=\"wp-block-media-text__content\">\n<p>die starke, kr\u00e4ftige Wurzel, die feste<br>Verbindung mit dem Boden.<\/p>\n\n\n\n<p>das sch\u00f6ne, verspielte hoffnungsfrohe <br>Gr\u00fcn des buschigen Krautes.<\/p>\n\n\n\n<p>die leuchtend, sonnig-gelbe Bl\u00fcte, die <br>ihren Kopf strahlend empor streckt.<\/p>\n\n\n\n<p>die Leichtigkeit, mit der diese Pflanze<br>ihre Samen durch die Luft schweben l\u00e4sst<\/p>\n\n\n\n<p>und sein Durchsetzungsverm\u00f6gen,<br>er w\u00e4chst sogar durch Beton!<\/p>\n\n\n\n<p class=\"has-text-align-left\"><strong><em>Eine feste Verbindung zwischen Himmel und Erde!<\/em><\/strong><\/p>\n<\/div><\/div>\n","protected":false},"excerpt":{"rendered":"<p>Mein Logo \u2013 der L\u00f6wenzahn ein Vorbild aus der Natur: die starke, kr\u00e4ftige Wurzel, die festeVerbindung mit dem Boden. das sch\u00f6ne, verspielte hoffnungsfrohe Gr\u00fcn des buschigen Krautes. die leuchtend, sonnig-gelbe Bl\u00fcte, die ihren Kopf strahlend empor streckt. die Leichtigkeit, mit der diese Pflanzeihre Samen durch die Luft schweben l\u00e4sst und sein Durchsetzungsverm\u00f6gen,er w\u00e4chst sogar durch &hellip;<\/p>\n<p class=\"read-more\"> <a class=\"\" href=\"https:\/\/hp-susanne-gerking.de\/?page_id=66\"> <span class=\"screen-reader-text\">Die Praxis<\/span> Weiterlesen &raquo;<\/a><\/p>\n","protected":false},"author":1,"featured_media":0,"parent":0,"menu_order":0,"comment_status":"closed","ping_status":"closed","template":"","meta":{"site-sidebar-layout":"default","site-content-layout":"default","ast-main-header-display":"","ast-hfb-above-header-display":"","ast-hfb-below-header-display":"","ast-hfb-mobile-header-display":"","site-post-title":"","ast-breadcrumbs-content":"","ast-featured-img":"","footer-sml-layout":"","theme-transparent-header-meta":"default","adv-header-id-meta":"","stick-header-meta":"","header-above-stick-meta":"","header-main-stick-meta":"","header-below-stick-meta":""},"_links":{"self":[{"href":"https:\/\/hp-susanne-gerking.de\/index.php?rest_route=\/wp\/v2\/pages\/66"}],"collection":[{"href":"https:\/\/hp-susanne-gerking.de\/index.php?rest_route=\/wp\/v2\/pages"}],"about":[{"href":"https:\/\/hp-susanne-gerking.de\/index.php?rest_route=\/wp\/v2\/types\/page"}],"author":[{"embeddable":true,"href":"https:\/\/hp-susanne-gerking.de\/index.php?rest_route=\/wp\/v2\/users\/1"}],"replies":[{"embeddable":true,"href":"https:\/\/hp-susanne-gerking.de\/index.php?rest_route=%2Fwp%2Fv2%2Fcomments&post=66"}],"version-history":[{"count":18,"href":"https:\/\/hp-susanne-gerking.de\/index.php?rest_route=\/wp\/v2\/pages\/66\/revisions"}],"predecessor-version":[{"id":388,"href":"https:\/\/hp-susanne-gerking.de\/index.php?rest_route=\/wp\/v2\/pages\/66\/revisions\/388"}],"wp:attachment":[{"href":"https:\/\/hp-susanne-gerking.de\/index.php?rest_route=%2Fwp%2Fv2%2Fmedia&parent=66"}],"curies":[{"name":"wp","href":"https:\/\/api.w.org\/{rel}","templated":true}]}}