{"id":150,"date":"2019-10-04T16:40:14","date_gmt":"2019-10-04T16:40:14","guid":{"rendered":"http:\/\/test-wp.hp-susanne-gerking.de\/?page_id=150"},"modified":"2019-11-25T12:23:59","modified_gmt":"2019-11-25T12:23:59","slug":"diagnoseverfahren","status":"publish","type":"page","link":"https:\/\/hp-susanne-gerking.de\/?page_id=150","title":{"rendered":"Diagnoseverfahren"},"content":{"rendered":"\n<div style=\"background-color:#f3f3f3; padding-top:25px; padding-bottom:1px; margin-bottom:30px;\"><ul style=\"list-style: none;\">\n<li><a href=\"#dunkelfeld\">Dunkelfeld Mikroskopie<\/a><\/li>\n<li><a href=\"#harnschau\">Klassische Harnschau<\/a><\/li>\n<li><a href=\"#laboruntersuchungen\">Laboruntersuchungen<\/a><\/li>\n<\/ul><\/div>\n\n\n\n<h4 id=\"dunkelfeld\">Dunkelfeld Mikroskopie nach Enderlein<\/h4>\n\n\n\n<div class=\"wp-block-columns has-2-columns\">\n<div class=\"wp-block-column\">\n<div class=\"wp-block-image\"><figure class=\"alignleft is-resized\"><img loading=\"lazy\" src=\"https:\/\/hp-susanne-gerking.de\/wp-content\/uploads\/2019\/11\/Mikroskop_frei_bearb_farbe-1024x674.jpg\" alt=\"\" class=\"wp-image-272\" width=\"449\" height=\"295\" srcset=\"https:\/\/hp-susanne-gerking.de\/wp-content\/uploads\/2019\/11\/Mikroskop_frei_bearb_farbe-1024x674.jpg 1024w, https:\/\/hp-susanne-gerking.de\/wp-content\/uploads\/2019\/11\/Mikroskop_frei_bearb_farbe-300x197.jpg 300w, https:\/\/hp-susanne-gerking.de\/wp-content\/uploads\/2019\/11\/Mikroskop_frei_bearb_farbe-768x505.jpg 768w\" sizes=\"(max-width: 449px) 100vw, 449px\" \/><\/figure><\/div>\n<\/div>\n\n\n\n<div class=\"wp-block-column\">\n<p>Die Dunkelfelddiagnose wurde von Prof. Dr. Enderlein (1872-1968)\nentwickelt.\nEr endeckte, dass neben den allgemein bekannten Blutzellen noch\nunz\u00e4hlige kleinste Mikroorganismen (Protite) vorhanden sind, die\nsich zu gr\u00f6\u00dferen K\u00f6rperchen (Filite, Chondrite, Symprotite) und\nvielfach zu Bakterien zusammenschlie\u00dfen k\u00f6nnen.\nUm die Dunkelfelddiagnose durchf\u00fchren zu k\u00f6nnen, ben\u00f6tigt man ein\nspeziell ausgestattetes Mikroskop. Die Betrachtung eines Tropfen\nlebendigen Blutes, aus dem Finger oder Ohrl\u00e4ppchen entnommen,\ngibt Aufschluss \u00fcber das innere Milieu und die Funktion der Blutzellen.\nBestimmte Ver\u00e4nderungen lassen R\u00fcckschl\u00fcsse auf Organschw\u00e4chen\nund Stoffwechselerkrankungen zu.\n\nDie Dunkelfeldmikroskopie ist nicht nur zur Fr\u00fcherkennung von\nSt\u00f6rungen zu nutzen, sondern auch als wirkliche Prophylaxe!\nDurch rechtzeitiges Erkennen und Eingreifen bei Milieuver\u00e4nderungen\nk\u00f6nnen Krankheiten vermieden werden.<\/p>\n<\/div>\n<\/div>\n\n\n\n<div style=\"height:31px\" aria-hidden=\"true\" class=\"wp-block-spacer\"><\/div>\n\n\n\n<h4 id=\"harnschau\">Klassische Harnschau<\/h4>\n\n\n\n<div class=\"wp-block-columns has-2-columns\">\n<div class=\"wp-block-column\">\n<p>Mit Hilfe der Urinanalyse kann man auf die Funktion von Niere, Darm,\nGalle, Bauchspeicheldr\u00fcse und Leber schlie\u00dfen.\nDer Urin wird in Reagenzgl\u00e4sern mit entsprechenden Chemikalien\nvermischt. Dann schaut man nach Tr\u00fcbung, Flockung, Niederschlag,\nSchaumbildung und Farbver\u00e4nderung. Die gleiche Pr\u00fcfung wird im\ngekochten Zustand wiederholt.\nEin Urinstick komplettiert die Untersuchung.<\/p>\n<\/div>\n\n\n\n<div class=\"wp-block-column\">\n<div class=\"wp-block-image\"><figure class=\"alignright is-resized\"><img loading=\"lazy\" src=\"https:\/\/hp-susanne-gerking.de\/wp-content\/uploads\/2019\/11\/Tablett_3_frei_bearb-1024x700.jpg\" alt=\"\" class=\"wp-image-284\" width=\"424\" height=\"289\" srcset=\"https:\/\/hp-susanne-gerking.de\/wp-content\/uploads\/2019\/11\/Tablett_3_frei_bearb-1024x700.jpg 1024w, https:\/\/hp-susanne-gerking.de\/wp-content\/uploads\/2019\/11\/Tablett_3_frei_bearb-300x205.jpg 300w, https:\/\/hp-susanne-gerking.de\/wp-content\/uploads\/2019\/11\/Tablett_3_frei_bearb-768x525.jpg 768w\" sizes=\"(max-width: 424px) 100vw, 424px\" \/><\/figure><\/div>\n<\/div>\n<\/div>\n\n\n\n<div style=\"height:31px\" aria-hidden=\"true\" class=\"wp-block-spacer\"><\/div>\n\n\n\n<h4 id=\"laboruntersuchungen\">Laboruntersuchungen<\/h4>\n\n\n\n<div class=\"wp-block-columns has-2-columns\">\n<div class=\"wp-block-column\">\n<div class=\"wp-block-image\"><figure class=\"alignleft is-resized\"><img loading=\"lazy\" src=\"https:\/\/hp-susanne-gerking.de\/wp-content\/uploads\/2019\/11\/Tablett_1_frei_bearb_heller_2-1024x642.jpg\" alt=\"\" class=\"wp-image-281\" width=\"424\" height=\"266\" srcset=\"https:\/\/hp-susanne-gerking.de\/wp-content\/uploads\/2019\/11\/Tablett_1_frei_bearb_heller_2-1024x642.jpg 1024w, https:\/\/hp-susanne-gerking.de\/wp-content\/uploads\/2019\/11\/Tablett_1_frei_bearb_heller_2-300x188.jpg 300w, https:\/\/hp-susanne-gerking.de\/wp-content\/uploads\/2019\/11\/Tablett_1_frei_bearb_heller_2-768x482.jpg 768w\" sizes=\"(max-width: 424px) 100vw, 424px\" \/><\/figure><\/div>\n<\/div>\n\n\n\n<div class=\"wp-block-column\">\n<p>Die Untersuchung von Blut und Stuhlproben sind oft Voraussetzung\neiner guten Diagnostik. Das Blut wird aus der Vene entnommen und\nin ein Labor geschickt.\nJe nach Bedarf wird dort ein gro\u00dfes Blutbild erstellt und bestimmte\nBlutwerte wie HDL, LDL usw. ermittelt.\nAnhand von Stuhlproben, die ebenfalls im Labor untersucht werden,\nkann u. a. ein  Pilzbefall oder eine Dysbakterie des Darms festgetellt\nwerden.<\/p>\n<\/div>\n<\/div>\n","protected":false},"excerpt":{"rendered":"<p>Dunkelfeld Mikroskopie Klassische Harnschau Laboruntersuchungen Dunkelfeld Mikroskopie nach Enderlein Die Dunkelfelddiagnose wurde von Prof. Dr. Enderlein (1872-1968) entwickelt. Er endeckte, dass neben den allgemein bekannten Blutzellen noch unz\u00e4hlige kleinste Mikroorganismen (Protite) vorhanden sind, die sich zu gr\u00f6\u00dferen K\u00f6rperchen (Filite, Chondrite, Symprotite) und vielfach zu Bakterien zusammenschlie\u00dfen k\u00f6nnen. Um die Dunkelfelddiagnose durchf\u00fchren zu k\u00f6nnen, ben\u00f6tigt man &hellip;<\/p>\n<p class=\"read-more\"> <a class=\"\" href=\"https:\/\/hp-susanne-gerking.de\/?page_id=150\"> <span class=\"screen-reader-text\">Diagnoseverfahren<\/span> Weiterlesen &raquo;<\/a><\/p>\n","protected":false},"author":1,"featured_media":0,"parent":0,"menu_order":0,"comment_status":"closed","ping_status":"closed","template":"","meta":{"site-sidebar-layout":"default","site-content-layout":"default","ast-main-header-display":"","ast-hfb-above-header-display":"","ast-hfb-below-header-display":"","ast-hfb-mobile-header-display":"","site-post-title":"","ast-breadcrumbs-content":"","ast-featured-img":"","footer-sml-layout":"","theme-transparent-header-meta":"default","adv-header-id-meta":"","stick-header-meta":"","header-above-stick-meta":"","header-main-stick-meta":"","header-below-stick-meta":""},"_links":{"self":[{"href":"https:\/\/hp-susanne-gerking.de\/index.php?rest_route=\/wp\/v2\/pages\/150"}],"collection":[{"href":"https:\/\/hp-susanne-gerking.de\/index.php?rest_route=\/wp\/v2\/pages"}],"about":[{"href":"https:\/\/hp-susanne-gerking.de\/index.php?rest_route=\/wp\/v2\/types\/page"}],"author":[{"embeddable":true,"href":"https:\/\/hp-susanne-gerking.de\/index.php?rest_route=\/wp\/v2\/users\/1"}],"replies":[{"embeddable":true,"href":"https:\/\/hp-susanne-gerking.de\/index.php?rest_route=%2Fwp%2Fv2%2Fcomments&post=150"}],"version-history":[{"count":7,"href":"https:\/\/hp-susanne-gerking.de\/index.php?rest_route=\/wp\/v2\/pages\/150\/revisions"}],"predecessor-version":[{"id":384,"href":"https:\/\/hp-susanne-gerking.de\/index.php?rest_route=\/wp\/v2\/pages\/150\/revisions\/384"}],"wp:attachment":[{"href":"https:\/\/hp-susanne-gerking.de\/index.php?rest_route=%2Fwp%2Fv2%2Fmedia&parent=150"}],"curies":[{"name":"wp","href":"https:\/\/api.w.org\/{rel}","templated":true}]}}